{"id":41,"date":"2023-01-02T15:45:51","date_gmt":"2023-01-02T18:45:51","guid":{"rendered":"http:\/\/psicologia.ip.usp.br\/bemviver\/?page_id=41"},"modified":"2023-01-02T21:50:16","modified_gmt":"2023-01-03T00:50:16","slug":"videos","status":"publish","type":"page","link":"https:\/\/psicologia.ip.usp.br\/bemviver\/videos\/","title":{"rendered":"V\u00eddeos"},"content":{"rendered":"\n<div class=\"wp-block-columns is-layout-flex wp-container-core-columns-layout-1 wp-block-columns-is-layout-flex\">\n<div class=\"wp-block-column is-layout-flow wp-block-column-is-layout-flow\">\n<figure class=\"wp-block-embed is-type-video is-provider-youtube wp-block-embed-youtube wp-embed-aspect-16-9 wp-has-aspect-ratio\"><div class=\"wp-block-embed__wrapper\">\n<iframe loading=\"lazy\" title=\"I SEMIN\u00c1RIO SA\u00daDE MENTAL, QUALIDADE DE VIDA E BEM VIVER NA UNIVERSIDADE\" width=\"960\" height=\"540\" src=\"https:\/\/www.youtube.com\/embed\/lgwoEZxuhEs?feature=oembed\" frameborder=\"0\" allow=\"accelerometer; autoplay; clipboard-write; encrypted-media; gyroscope; picture-in-picture; web-share\" referrerpolicy=\"strict-origin-when-cross-origin\" allowfullscreen><\/iframe>\n<\/div><\/figure>\n<\/div>\n\n\n\n<div class=\"wp-block-column is-layout-flow wp-block-column-is-layout-flow\">\n<figure class=\"wp-block-embed is-type-video is-provider-youtube wp-block-embed-youtube wp-embed-aspect-16-9 wp-has-aspect-ratio\"><div class=\"wp-block-embed__wrapper\">\n<iframe loading=\"lazy\" title=\"II Semin\u00e1rio Sa\u00fade Mental, Sucesso Acad\u00eamico e A\u00e7\u00f5es Afirmativas (Mesa 1)\" width=\"960\" height=\"540\" src=\"https:\/\/www.youtube.com\/embed\/kKGIa3xFhXY?feature=oembed\" frameborder=\"0\" allow=\"accelerometer; autoplay; clipboard-write; encrypted-media; gyroscope; picture-in-picture; web-share\" referrerpolicy=\"strict-origin-when-cross-origin\" allowfullscreen><\/iframe>\n<\/div><\/figure>\n<\/div>\n<\/div>\n\n\n\n<div class=\"wp-block-columns is-layout-flex wp-container-core-columns-layout-2 wp-block-columns-is-layout-flex\">\n<div class=\"wp-block-column is-layout-flow wp-block-column-is-layout-flow\">\n<figure class=\"wp-block-embed is-type-video is-provider-youtube wp-block-embed-youtube wp-embed-aspect-16-9 wp-has-aspect-ratio\"><div class=\"wp-block-embed__wrapper\">\n<iframe loading=\"lazy\" title=\"II Semin\u00e1rio Sa\u00fade Mental, Sucesso Acad\u00eamico e A\u00e7\u00f5es Afirmativas (Mesa 2)\" width=\"960\" height=\"540\" src=\"https:\/\/www.youtube.com\/embed\/A1Bb104P8ok?feature=oembed\" frameborder=\"0\" allow=\"accelerometer; autoplay; clipboard-write; encrypted-media; gyroscope; picture-in-picture; web-share\" referrerpolicy=\"strict-origin-when-cross-origin\" allowfullscreen><\/iframe>\n<\/div><\/figure>\n<\/div>\n\n\n\n<div class=\"wp-block-column is-layout-flow wp-block-column-is-layout-flow\">\n<figure class=\"wp-block-embed is-type-video is-provider-youtube wp-block-embed-youtube wp-embed-aspect-16-9 wp-has-aspect-ratio\"><div class=\"wp-block-embed__wrapper\">\n<iframe loading=\"lazy\" title=\"II Semin\u00e1rio Sa\u00fade Mental, Sucesso Acad\u00eamico e A\u00e7\u00f5es Afirmativas (Mesa 3)\" width=\"960\" height=\"540\" src=\"https:\/\/www.youtube.com\/embed\/Uruprw_1XuI?feature=oembed\" frameborder=\"0\" allow=\"accelerometer; autoplay; clipboard-write; encrypted-media; gyroscope; picture-in-picture; web-share\" referrerpolicy=\"strict-origin-when-cross-origin\" allowfullscreen><\/iframe>\n<\/div><\/figure>\n<\/div>\n<\/div>\n\n\n\n<div class=\"wp-block-columns is-layout-flex wp-container-core-columns-layout-3 wp-block-columns-is-layout-flex\">\n<div class=\"wp-block-column is-layout-flow wp-block-column-is-layout-flow\">\n<figure class=\"wp-block-embed is-type-video is-provider-youtube wp-block-embed-youtube wp-embed-aspect-16-9 wp-has-aspect-ratio\"><div class=\"wp-block-embed__wrapper\">\n<iframe loading=\"lazy\" title=\"II Semin\u00e1rio Sa\u00fade Mental, Sucesso Acad\u00eamico e A\u00e7\u00f5es Afirmativas (Mesa 4)\" width=\"960\" height=\"540\" src=\"https:\/\/www.youtube.com\/embed\/EdTTK4fbVis?feature=oembed\" frameborder=\"0\" allow=\"accelerometer; autoplay; clipboard-write; encrypted-media; gyroscope; picture-in-picture; web-share\" referrerpolicy=\"strict-origin-when-cross-origin\" allowfullscreen><\/iframe>\n<\/div><\/figure>\n<\/div>\n\n\n\n<div class=\"wp-block-column is-layout-flow wp-block-column-is-layout-flow\">\n<figure class=\"wp-block-embed is-type-video is-provider-youtube wp-block-embed-youtube wp-embed-aspect-16-9 wp-has-aspect-ratio\"><div class=\"wp-block-embed__wrapper\">\n<iframe loading=\"lazy\" title=\"Bem Viver e Universidade: sa\u00fade, desafios e possibilidades com Prof.Dr. Leandro Rosa (UFAC)\" width=\"960\" height=\"540\" src=\"https:\/\/www.youtube.com\/embed\/Dt8yww9Cd9I?feature=oembed\" frameborder=\"0\" allow=\"accelerometer; autoplay; clipboard-write; encrypted-media; gyroscope; picture-in-picture; web-share\" referrerpolicy=\"strict-origin-when-cross-origin\" allowfullscreen><\/iframe>\n<\/div><\/figure>\n<\/div>\n<\/div>\n\n\n\n<div class=\"wp-block-columns is-layout-flex wp-container-core-columns-layout-4 wp-block-columns-is-layout-flex\">\n<div class=\"wp-block-column is-layout-flow wp-block-column-is-layout-flow\">\n<figure class=\"wp-block-embed is-type-video is-provider-youtube wp-block-embed-youtube wp-embed-aspect-16-9 wp-has-aspect-ratio\"><div class=\"wp-block-embed__wrapper\">\n<iframe loading=\"lazy\" title=\"Semin\u00e1rio Aberto -  Psicologia Experimental e Rela\u00e7\u00f5es \u00c9tnico-Raciais. Com T\u00e1hcita Medrado Mizael\" width=\"960\" height=\"540\" src=\"https:\/\/www.youtube.com\/embed\/gszbvcEe8A8?feature=oembed\" frameborder=\"0\" allow=\"accelerometer; autoplay; clipboard-write; encrypted-media; gyroscope; picture-in-picture; web-share\" referrerpolicy=\"strict-origin-when-cross-origin\" allowfullscreen><\/iframe>\n<\/div><\/figure>\n<\/div>\n\n\n\n<div class=\"wp-block-column is-layout-flow wp-block-column-is-layout-flow\">\n<figure class=\"wp-block-embed is-type-video is-provider-youtube wp-block-embed-youtube wp-embed-aspect-16-9 wp-has-aspect-ratio\"><div class=\"wp-block-embed__wrapper\">\n<iframe loading=\"lazy\" title=\"Semin\u00e1rio Vidas Egressas com Larissa Costa - 24\/05\" width=\"960\" height=\"540\" src=\"https:\/\/www.youtube.com\/embed\/mGXgRd9IuGM?feature=oembed\" frameborder=\"0\" allow=\"accelerometer; autoplay; clipboard-write; encrypted-media; gyroscope; picture-in-picture; web-share\" referrerpolicy=\"strict-origin-when-cross-origin\" allowfullscreen><\/iframe>\n<\/div><\/figure>\n<\/div>\n<\/div>\n\n\n\n<div class=\"wp-block-columns is-layout-flex wp-container-core-columns-layout-5 wp-block-columns-is-layout-flex\">\n<div class=\"wp-block-column is-layout-flow wp-block-column-is-layout-flow\">\n<figure class=\"wp-block-embed is-type-video is-provider-youtube wp-block-embed-youtube wp-embed-aspect-16-9 wp-has-aspect-ratio\"><div class=\"wp-block-embed__wrapper\">\n<iframe loading=\"lazy\" title=\"Ciclo de Encontros Vidas Egressas - Pelos caminhos que andei com Leandro    Limoni\" width=\"960\" height=\"540\" src=\"https:\/\/www.youtube.com\/embed\/PZM_b2v8Zk8?feature=oembed\" frameborder=\"0\" allow=\"accelerometer; autoplay; clipboard-write; encrypted-media; gyroscope; picture-in-picture; web-share\" referrerpolicy=\"strict-origin-when-cross-origin\" allowfullscreen><\/iframe>\n<\/div><\/figure>\n<\/div>\n\n\n\n<div class=\"wp-block-column is-layout-flow wp-block-column-is-layout-flow\"><\/div>\n<\/div>\n","protected":false},"excerpt":{"rendered":"","protected":false},"author":1,"featured_media":0,"parent":0,"menu_order":0,"comment_status":"closed","ping_status":"closed","template":"","meta":{"footnotes":""},"_links":{"self":[{"href":"https:\/\/psicologia.ip.usp.br\/bemviver\/wp-json\/wp\/v2\/pages\/41"}],"collection":[{"href":"https:\/\/psicologia.ip.usp.br\/bemviver\/wp-json\/wp\/v2\/pages"}],"about":[{"href":"https:\/\/psicologia.ip.usp.br\/bemviver\/wp-json\/wp\/v2\/types\/page"}],"author":[{"embeddable":true,"href":"https:\/\/psicologia.ip.usp.br\/bemviver\/wp-json\/wp\/v2\/users\/1"}],"replies":[{"embeddable":true,"href":"https:\/\/psicologia.ip.usp.br\/bemviver\/wp-json\/wp\/v2\/comments?post=41"}],"version-history":[{"count":2,"href":"https:\/\/psicologia.ip.usp.br\/bemviver\/wp-json\/wp\/v2\/pages\/41\/revisions"}],"predecessor-version":[{"id":128,"href":"https:\/\/psicologia.ip.usp.br\/bemviver\/wp-json\/wp\/v2\/pages\/41\/revisions\/128"}],"wp:attachment":[{"href":"https:\/\/psicologia.ip.usp.br\/bemviver\/wp-json\/wp\/v2\/media?parent=41"}],"curies":[{"name":"wp","href":"https:\/\/api.w.org\/{rel}","templated":true}]}}