{"id":479,"date":"2023-01-30T16:51:59","date_gmt":"2023-01-30T19:51:59","guid":{"rendered":"http:\/\/psicologia.ip.usp.br\/bemviver\/?page_id=479"},"modified":"2024-08-22T23:25:01","modified_gmt":"2024-08-23T02:25:01","slug":"proximos-eventos","status":"publish","type":"page","link":"https:\/\/psicologia.ip.usp.br\/bemviver\/proximos-eventos\/","title":{"rendered":"Pr\u00f3ximos Eventos"},"content":{"rendered":"\n<div class=\"wp-block-columns is-layout-flex wp-container-core-columns-layout-1 wp-block-columns-is-layout-flex\">\n<div class=\"wp-block-column is-vertically-aligned-center is-layout-flow wp-block-column-is-layout-flow\"><div class=\"wp-block-image\">\n<figure class=\"alignleft size-large is-resized\"><img loading=\"lazy\" decoding=\"async\" src=\"http:\/\/psicologia.ip.usp.br\/bemviver\/wp-content\/uploads\/2023\/03\/Card29.03_anpsinep-851x1024.png\" alt=\"\" class=\"wp-image-557\" width=\"747\" height=\"898\" srcset=\"https:\/\/psicologia.ip.usp.br\/bemviver\/wp-content\/uploads\/2023\/03\/Card29.03_anpsinep-851x1024.png 851w, https:\/\/psicologia.ip.usp.br\/bemviver\/wp-content\/uploads\/2023\/03\/Card29.03_anpsinep-249x300.png 249w, https:\/\/psicologia.ip.usp.br\/bemviver\/wp-content\/uploads\/2023\/03\/Card29.03_anpsinep-768x924.png 768w, https:\/\/psicologia.ip.usp.br\/bemviver\/wp-content\/uploads\/2023\/03\/Card29.03_anpsinep.png 1080w\" sizes=\"(max-width: 747px) 100vw, 747px\" \/><\/figure><\/div><\/div>\n\n\n\n<div class=\"wp-block-column is-vertically-aligned-center is-layout-flow wp-block-column-is-layout-flow\"><div class=\"wp-block-image\">\n<figure class=\"alignleft size-large is-resized\"><img loading=\"lazy\" decoding=\"async\" src=\"http:\/\/psicologia.ip.usp.br\/bemviver\/wp-content\/uploads\/2023\/03\/FRiasMinimal-Simple-Elegant-Quote-Instagram-Post-1080-\u00d7-1800-px-1080-\u00d7-1500-px-1100-\u00d7-1500-px-1250-\u00d7-1500-px-853x1024.png\" alt=\"\" class=\"wp-image-536\" width=\"544\" height=\"653\" srcset=\"https:\/\/psicologia.ip.usp.br\/bemviver\/wp-content\/uploads\/2023\/03\/FRiasMinimal-Simple-Elegant-Quote-Instagram-Post-1080-\u00d7-1800-px-1080-\u00d7-1500-px-1100-\u00d7-1500-px-1250-\u00d7-1500-px-853x1024.png 853w, https:\/\/psicologia.ip.usp.br\/bemviver\/wp-content\/uploads\/2023\/03\/FRiasMinimal-Simple-Elegant-Quote-Instagram-Post-1080-\u00d7-1800-px-1080-\u00d7-1500-px-1100-\u00d7-1500-px-1250-\u00d7-1500-px-250x300.png 250w, https:\/\/psicologia.ip.usp.br\/bemviver\/wp-content\/uploads\/2023\/03\/FRiasMinimal-Simple-Elegant-Quote-Instagram-Post-1080-\u00d7-1800-px-1080-\u00d7-1500-px-1100-\u00d7-1500-px-1250-\u00d7-1500-px-768x922.png 768w, https:\/\/psicologia.ip.usp.br\/bemviver\/wp-content\/uploads\/2023\/03\/FRiasMinimal-Simple-Elegant-Quote-Instagram-Post-1080-\u00d7-1800-px-1080-\u00d7-1500-px-1100-\u00d7-1500-px-1250-\u00d7-1500-px.png 900w\" sizes=\"(max-width: 544px) 100vw, 544px\" \/><\/figure><\/div><\/div>\n<\/div>\n\n\n\n<div class=\"wp-block-columns is-layout-flex wp-container-core-columns-layout-2 wp-block-columns-is-layout-flex\">\n<div class=\"wp-block-column is-layout-flow wp-block-column-is-layout-flow\"><\/div>\n\n\n\n<div class=\"wp-block-column is-layout-flow wp-block-column-is-layout-flow\"><\/div>\n<\/div>\n","protected":false},"excerpt":{"rendered":"","protected":false},"author":1,"featured_media":0,"parent":0,"menu_order":0,"comment_status":"closed","ping_status":"closed","template":"template-fullwidth.php","meta":{"footnotes":""},"_links":{"self":[{"href":"https:\/\/psicologia.ip.usp.br\/bemviver\/wp-json\/wp\/v2\/pages\/479"}],"collection":[{"href":"https:\/\/psicologia.ip.usp.br\/bemviver\/wp-json\/wp\/v2\/pages"}],"about":[{"href":"https:\/\/psicologia.ip.usp.br\/bemviver\/wp-json\/wp\/v2\/types\/page"}],"author":[{"embeddable":true,"href":"https:\/\/psicologia.ip.usp.br\/bemviver\/wp-json\/wp\/v2\/users\/1"}],"replies":[{"embeddable":true,"href":"https:\/\/psicologia.ip.usp.br\/bemviver\/wp-json\/wp\/v2\/comments?post=479"}],"version-history":[{"count":17,"href":"https:\/\/psicologia.ip.usp.br\/bemviver\/wp-json\/wp\/v2\/pages\/479\/revisions"}],"predecessor-version":[{"id":558,"href":"https:\/\/psicologia.ip.usp.br\/bemviver\/wp-json\/wp\/v2\/pages\/479\/revisions\/558"}],"wp:attachment":[{"href":"https:\/\/psicologia.ip.usp.br\/bemviver\/wp-json\/wp\/v2\/media?parent=479"}],"curies":[{"name":"wp","href":"https:\/\/api.w.org\/{rel}","templated":true}]}}